{"id":1118,"date":"2025-03-11T13:33:10","date_gmt":"2025-03-11T13:33:10","guid":{"rendered":"http:\/\/unicnet.com\/raccordi-speciali\/"},"modified":"2026-02-03T13:49:36","modified_gmt":"2026-02-03T13:49:36","slug":"spezialfittings","status":"publish","type":"page","link":"https:\/\/unicnet.com\/de\/spezialfittings\/","title":{"rendered":"Spezialfittings"},"content":{"rendered":"<p>[et_pb_section fb_built=&#8220;1&#8243; _builder_version=&#8220;4.27.4&#8243; _module_preset=&#8220;default&#8220; background_color=&#8220;#F2F2F2&#8243; custom_margin=&#8220;2%|2%|2%|2%|true|true&#8220; custom_padding=&#8220;3%||2.5%||false|false&#8220; border_radii=&#8220;on|10px|10px|10px|10px&#8220; locked=&#8220;off&#8220; global_colors_info=&#8220;{}&#8220;][et_pb_row column_structure=&#8220;1_2,1_2&#8243; use_custom_gutter=&#8220;on&#8220; gutter_width=&#8220;4&#8243; _builder_version=&#8220;4.27.4&#8243; _module_preset=&#8220;default&#8220; global_colors_info=&#8220;{}&#8220;][et_pb_column type=&#8220;1_2&#8243; _builder_version=&#8220;4.27.4&#8243; _module_preset=&#8220;default&#8220; global_colors_info=&#8220;{}&#8220;][et_pb_text _builder_version=&#8220;4.27.4&#8243; _module_preset=&#8220;default&#8220; text_font_size=&#8220;25px&#8220; header_2_text_color=&#8220;#161616&#8243; header_2_font_size=&#8220;2.8em&#8220; header_2_line_height=&#8220;0.8em&#8220; width=&#8220;100%&#8220; max_width=&#8220;100%&#8220; max_width_tablet=&#8220;100%&#8220; max_width_phone=&#8220;100%&#8220; max_width_last_edited=&#8220;on|tablet&#8220; custom_margin=&#8220;||3%||false|false&#8220; header_2_font_size_tablet=&#8220;2.5em&#8220; header_2_font_size_phone=&#8220;40px&#8220; header_2_font_size_last_edited=&#8220;on|tablet&#8220; global_colors_info=&#8220;{}&#8220;]<\/p>\n<h2>Spezialfittings<\/h2>\n<p>[\/et_pb_text][et_pb_divider color=&#8220;#161616&#8243; divider_position=&#8220;center&#8220; _builder_version=&#8220;4.27.4&#8243; _module_preset=&#8220;default&#8220; custom_margin=&#8220;||3%||false|false&#8220; global_colors_info=&#8220;{}&#8220;][\/et_pb_divider][et_pb_text _builder_version=&#8220;4.27.4&#8243; _module_preset=&#8220;default&#8220; text_letter_spacing=&#8220;0.5px&#8220; text_line_height=&#8220;1.8em&#8220; width=&#8220;100%&#8220; max_width=&#8220;100%&#8220; max_width_tablet=&#8220;100%&#8220; max_width_phone=&#8220;100%&#8220; max_width_last_edited=&#8220;on|tablet&#8220; global_colors_info=&#8220;{}&#8220;]<\/p>\n<p>Wir sind auf die Herstellung von ma\u00dfgeschneiderten Fittings spezialisiert \u2013 vom Entwurf bis zum fertigen Produkt. Unsere Fittings werden mit h\u00f6chster Pr\u00e4zision entwickelt und bearbeitet, um eine l\u00e4ngere Lebensdauer zu gew\u00e4hrleisten, selbst unter extremen klimatischen Bedingungen oder bei Vibrationen. Die Erfahrung und das Know-how, das wir bei der Produktion unserer Standardartikel gesammelt haben, erm\u00f6glichen es uns, auch Fittings zu liefern, die sich von den in unserem Katalog angebotenen Standardprodukten unterscheiden.  <\/p>\n<p>[\/et_pb_text][et_pb_button button_url=&#8220;#preventivo&#8220; button_text=&#8220;Angebot anfordern&#8220; button_alignment_tablet=&#8220;&#8220; button_alignment_phone=&#8220;center&#8220; button_alignment_last_edited=&#8220;on|phone&#8220; module_class=&#8220;button-ball&#8220; _builder_version=&#8220;4.27.4&#8243; _module_preset=&#8220;default&#8220; global_colors_info=&#8220;{}&#8220;][\/et_pb_button][\/et_pb_column][et_pb_column type=&#8220;1_2&#8243; _builder_version=&#8220;4.27.4&#8243; _module_preset=&#8220;default&#8220; global_colors_info=&#8220;{}&#8220;][et_pb_image src=&#8220;https:\/\/unic-torneria.it\/wp-content\/uploads\/2025\/10\/img-raccordi-disegno-14-10-25-1.jpg&#8220; title_text=&#8220;img-raccordi-disegno-14-10-25&#8243; _builder_version=&#8220;4.27.4&#8243; _module_preset=&#8220;default&#8220; border_radii=&#8220;on|10px|10px|10px|10px&#8220; global_colors_info=&#8220;{}&#8220;][\/et_pb_image][\/et_pb_column][\/et_pb_row][\/et_pb_section][et_pb_section fb_built=&#8220;1&#8243; _builder_version=&#8220;4.27.4&#8243; _module_preset=&#8220;default&#8220; custom_padding=&#8220;||2%||false|false&#8220; global_colors_info=&#8220;{}&#8220;][et_pb_row column_structure=&#8220;1_2,1_2&#8243; make_equal=&#8220;on&#8220; _builder_version=&#8220;4.27.4&#8243; _module_preset=&#8220;default&#8220; custom_margin=&#8220;||3%||false|false&#8220; custom_padding=&#8220;0px||0px||true|false&#8220; custom_css_main_element=&#8220;align-items:center;&#8220; global_colors_info=&#8220;{}&#8220;][et_pb_column type=&#8220;1_2&#8243; _builder_version=&#8220;4.27.4&#8243; _module_preset=&#8220;default&#8220; global_colors_info=&#8220;{}&#8220;][et_pb_text _builder_version=&#8220;4.27.4&#8243; _module_preset=&#8220;default&#8220; text_font_size=&#8220;25px&#8220; text_line_height=&#8220;2em&#8220; header_2_text_align=&#8220;left&#8220; header_2_text_color=&#8220;#161616&#8243; header_2_font_size=&#8220;1.5em&#8220; header_2_line_height=&#8220;1.1em&#8220; text_orientation=&#8220;center&#8220; width=&#8220;100%&#8220; max_width=&#8220;100%&#8220; max_width_tablet=&#8220;100%&#8220; max_width_phone=&#8220;100%&#8220; max_width_last_edited=&#8220;on|tablet&#8220; module_alignment=&#8220;center&#8220; text_font_size_tablet=&#8220;25px&#8220; text_font_size_phone=&#8220;20px&#8220; text_font_size_last_edited=&#8220;on|phone&#8220; header_2_font_size_tablet=&#8220;2.5em&#8220; header_2_font_size_phone=&#8220;1.2em&#8220; header_2_font_size_last_edited=&#8220;on|tablet&#8220; header_2_line_height_tablet=&#8220;1.1em&#8220; header_2_line_height_phone=&#8220;1.2em&#8220; header_2_line_height_last_edited=&#8220;on|desktop&#8220; global_colors_info=&#8220;{}&#8220;]<\/p>\n<h2>Zertifiziertes Qualit\u00e4tsmanagementsystem EN ISO 9001:2015<\/h2>\n<p>[\/et_pb_text][\/et_pb_column][et_pb_column type=&#8220;1_2&#8243; _builder_version=&#8220;4.27.4&#8243; _module_preset=&#8220;default&#8220; global_colors_info=&#8220;{}&#8220;][et_pb_text _builder_version=&#8220;4.27.4&#8243; _module_preset=&#8220;default&#8220; text_letter_spacing=&#8220;0.5px&#8220; text_line_height=&#8220;1.8em&#8220; width=&#8220;100%&#8220; global_colors_info=&#8220;{}&#8220;]<\/p>\n<p>Durch die Einhaltung der Anforderungen des zertifizierten Qualit\u00e4tsmanagementsystems EN ISO 9001:2015 sind wir in der Lage, Fittings in verschiedenen Materialien \u2013 Messing, Kunststoff, Edelstahl, PVDF \u2013 zu produzieren und zu liefern, die f\u00fcr verschiedene Anwendungen und unterschiedliche Druckverh\u00e4ltnisse geeignet sind.<\/p>\n<p>[\/et_pb_text][\/et_pb_column][\/et_pb_row][et_pb_row _builder_version=&#8220;4.27.4&#8243; _module_preset=&#8220;default&#8220; custom_padding=&#8220;0px||0px||true|false&#8220; global_colors_info=&#8220;{}&#8220;][et_pb_column type=&#8220;4_4&#8243; _builder_version=&#8220;4.27.4&#8243; _module_preset=&#8220;default&#8220; global_colors_info=&#8220;{}&#8220;][et_pb_divider color=&#8220;#161616&#8243; divider_position=&#8220;center&#8220; _builder_version=&#8220;4.27.4&#8243; _module_preset=&#8220;default&#8220; custom_margin=&#8220;||3%||false|false&#8220; locked=&#8220;off&#8220; global_colors_info=&#8220;{}&#8220;][\/et_pb_divider][et_pb_text _builder_version=&#8220;4.27.4&#8243; _module_preset=&#8220;default&#8220; text_letter_spacing=&#8220;0.5px&#8220; text_line_height=&#8220;1.8em&#8220; width=&#8220;100%&#8220; global_colors_info=&#8220;{}&#8220;]<\/p>\n<p>Die Ausr\u00fcstung und \u00dcberwachung der hochmodernen CNC-Maschinen wird von unserem spezialisierten Personal durchgef\u00fchrt, um stets Fittings mit hohen Qualit\u00e4tsstandards zu liefern. Qualit\u00e4t und Zuverl\u00e4ssigkeit, die unser Unternehmen seit 40 Jahren als f\u00fchrenden Anbieter auf dem Markt f\u00fcr Pneumatikprodukte best\u00e4tigen. <\/p>\n<p>[\/et_pb_text][\/et_pb_column][\/et_pb_row][et_pb_row _builder_version=&#8220;4.27.4&#8243; _module_preset=&#8220;default&#8220; custom_margin=&#8220;1%||||false|false&#8220; locked=&#8220;off&#8220; global_colors_info=&#8220;{}&#8220;][et_pb_column type=&#8220;4_4&#8243; _builder_version=&#8220;4.27.4&#8243; _module_preset=&#8220;default&#8220; global_colors_info=&#8220;{}&#8220;][dipl_masonry_gallery image_ids=&#8220;816,818,820,824,826,847,854,842,834,831&#8243; number_of_columns=&#8220;5&#8243; image_size=&#8220;large&#8220; enable_lightbox=&#8220;on&#8220; number_of_columns_tablet=&#8220;3&#8243; number_of_columns_phone=&#8220;2&#8243; number_of_columns_last_edited=&#8220;on|phone&#8220; _builder_version=&#8220;4.27.4&#8243; _module_preset=&#8220;default&#8220; global_colors_info=&#8220;{}&#8220;][\/dipl_masonry_gallery][\/et_pb_column][\/et_pb_row][\/et_pb_section][et_pb_section fb_built=&#8220;1&#8243; module_id=&#8220;preventivo&#8220; _builder_version=&#8220;4.27.4&#8243; _module_preset=&#8220;default&#8220; background_color=&#8220;#161616&#8243; saved_tabs=&#8220;all&#8220; locked=&#8220;off&#8220; global_colors_info=&#8220;{}&#8220;][et_pb_row _builder_version=&#8220;4.27.4&#8243; _module_preset=&#8220;default&#8220; width=&#8220;100%&#8220; max_width=&#8220;50%&#8220; max_width_tablet=&#8220;80%&#8220; max_width_phone=&#8220;80%&#8220; max_width_last_edited=&#8220;on|tablet&#8220; global_colors_info=&#8220;{}&#8220;][et_pb_column type=&#8220;4_4&#8243; _builder_version=&#8220;4.27.4&#8243; _module_preset=&#8220;default&#8220; global_colors_info=&#8220;{}&#8220;][et_pb_text _builder_version=&#8220;4.27.4&#8243; _module_preset=&#8220;default&#8220; header_2_font=&#8220;||||||||&#8220; header_2_text_align=&#8220;center&#8220; header_2_text_color=&#8220;#FFFFFF&#8220; header_2_font_size=&#8220;7em&#8220; header_2_line_height=&#8220;0.8em&#8220; header_2_font_size_tablet=&#8220;5em&#8220; header_2_font_size_phone=&#8220;3em&#8220; header_2_font_size_last_edited=&#8220;on|tablet&#8220; global_colors_info=&#8220;{}&#8220;]<\/p>\n<h2>Fordere ein Angebot an<\/h2>\n<p>[\/et_pb_text][et_pb_text _builder_version=&#8220;4.27.4&#8243; _module_preset=&#8220;default&#8220; text_text_color=&#8220;#F2F2F2&#8243; text_orientation=&#8220;center&#8220; global_colors_info=&#8220;{}&#8220;]<\/p>\n<p>F\u00fclle das Formular aus und lade die Zeichnung hoch:<br \/>Unsere erfahrenen Techniker werden deine Anfrage pr\u00fcfen und dir so schnell wie m\u00f6glich eine Antwort senden!<\/p>\n<p>[\/et_pb_text][\/et_pb_column][\/et_pb_row][et_pb_row _builder_version=&#8220;4.27.4&#8243; _module_preset=&#8220;default&#8220; global_colors_info=&#8220;{}&#8220;][et_pb_column type=&#8220;4_4&#8243; _builder_version=&#8220;4.27.4&#8243; _module_preset=&#8220;default&#8220; global_colors_info=&#8220;{}&#8220;][dvppl_cf7_styler button_alignment=&#8220;right&#8220; cf7=&#8220;98&#8243; form_background_color=&#8220;RGBA(255,255,255,0)&#8220; cr_custom_styles=&#8220;on&#8220; cr_selected_color=&#8220;#D37033&#8243; cr_border_color=&#8220;#FFFFFF&#8220; _builder_version=&#8220;4.27.4&#8243; _module_preset=&#8220;default&#8220; form_field_font_text_color=&#8220;#FFFFFF&#8220; labels_text_color=&#8220;#FFFFFF&#8220; labels_font_size=&#8220;16px&#8220; placeholder_text_color=&#8220;#FFFFFF&#8220; custom_submit_button=&#8220;on&#8220; submit_button_text_size=&#8220;20px&#8220; submit_button_text_color=&#8220;#FFFFFF&#8220; submit_button_bg_color=&#8220;#D37033&#8243; submit_button_border_width=&#8220;0px&#8220; submit_button_border_color=&#8220;#D37033&#8243; submit_button_border_radius=&#8220;50px&#8220; submit_button_custom_padding=&#8220;|3em||3em|false|true&#8220; border_radii_field=&#8220;on|10px|10px|10px|10px&#8220; border_color_all_field=&#8220;#FFFFFF&#8220; locked=&#8220;off&#8220; global_colors_info=&#8220;{}&#8220;][\/dvppl_cf7_styler][\/et_pb_column][\/et_pb_row][\/et_pb_section]<\/p>\n","protected":false},"excerpt":{"rendered":"<p>SpezialfittingsWir sind auf die Herstellung von ma\u00dfgeschneiderten Fittings spezialisiert \u2013 vom Entwurf bis zum fertigen Produkt. Unsere Fittings werden mit h\u00f6chster Pr\u00e4zision entwickelt und bearbeitet, um eine l\u00e4ngere Lebensdauer zu gew\u00e4hrleisten, selbst unter extremen klimatischen Bedingungen oder bei Vibrationen. Die Erfahrung und das Know-how, das wir bei der Produktion unserer Standardartikel gesammelt haben, erm\u00f6glichen es [&hellip;]<\/p>\n","protected":false},"author":1,"featured_media":0,"parent":0,"menu_order":0,"comment_status":"closed","ping_status":"closed","template":"","meta":{"_acf_changed":false,"_et_pb_use_builder":"on","_et_pb_old_content":"","_et_gb_content_width":"","footnotes":""},"class_list":["post-1118","page","type-page","status-publish","hentry"],"acf":[],"yoast_head":"<!-- This site is optimized with the Yoast SEO plugin v26.1.1 - https:\/\/yoast.com\/wordpress\/plugins\/seo\/ -->\n<title>Spezialfittings nach Zeichnung | UNIC<\/title>\n<meta name=\"description\" content=\"Spezialfittings f\u00fcr Luft, Wasser, \u00d6l: Messing, Stahl, Edelstahl. Perfekte Gewinde, dichte Verbindungen, saubere Oberfl\u00e4chen.\" \/>\n<meta name=\"robots\" content=\"index, follow, max-snippet:-1, max-image-preview:large, max-video-preview:-1\" \/>\n<link rel=\"canonical\" href=\"https:\/\/unicnet.com\/de\/spezialfittings\/\" \/>\n<meta property=\"og:locale\" content=\"de_DE\" \/>\n<meta property=\"og:type\" content=\"article\" \/>\n<meta property=\"og:title\" content=\"Spezialfittings nach Zeichnung | UNIC\" \/>\n<meta property=\"og:description\" content=\"Spezialfittings f\u00fcr Luft, Wasser, \u00d6l: Messing, Stahl, Edelstahl. Perfekte Gewinde, dichte Verbindungen, saubere Oberfl\u00e4chen.\" \/>\n<meta property=\"og:url\" content=\"https:\/\/unicnet.com\/de\/spezialfittings\/\" \/>\n<meta property=\"og:site_name\" content=\"Unic\" \/>\n<meta property=\"article:modified_time\" content=\"2026-02-03T13:49:36+00:00\" \/>\n<meta name=\"twitter:card\" content=\"summary_large_image\" \/>\n<meta name=\"twitter:label1\" content=\"Gesch\u00e4tzte Lesezeit\" \/>\n\t<meta name=\"twitter:data1\" content=\"4\u00a0Minuten\" \/>\n<script type=\"application\/ld+json\" class=\"yoast-schema-graph\">{\"@context\":\"https:\/\/schema.org\",\"@graph\":[{\"@type\":\"WebPage\",\"@id\":\"https:\/\/unicnet.com\/de\/spezialfittings\/\",\"url\":\"https:\/\/unicnet.com\/de\/spezialfittings\/\",\"name\":\"Spezialfittings nach Zeichnung | UNIC\",\"isPartOf\":{\"@id\":\"https:\/\/unicnet.com\/de\/#website\"},\"datePublished\":\"2025-03-11T13:33:10+00:00\",\"dateModified\":\"2026-02-03T13:49:36+00:00\",\"description\":\"Spezialfittings f\u00fcr Luft, Wasser, \u00d6l: Messing, Stahl, Edelstahl. Perfekte Gewinde, dichte Verbindungen, saubere Oberfl\u00e4chen.\",\"breadcrumb\":{\"@id\":\"https:\/\/unicnet.com\/de\/spezialfittings\/#breadcrumb\"},\"inLanguage\":\"de\",\"potentialAction\":[{\"@type\":\"ReadAction\",\"target\":[\"https:\/\/unicnet.com\/de\/spezialfittings\/\"]}]},{\"@type\":\"BreadcrumbList\",\"@id\":\"https:\/\/unicnet.com\/de\/spezialfittings\/#breadcrumb\",\"itemListElement\":[{\"@type\":\"ListItem\",\"position\":1,\"name\":\"Home\",\"item\":\"https:\/\/unic-dreherei.de\/\"},{\"@type\":\"ListItem\",\"position\":2,\"name\":\"Spezialfittings\"}]},{\"@type\":\"WebSite\",\"@id\":\"https:\/\/unicnet.com\/de\/#website\",\"url\":\"https:\/\/unicnet.com\/de\/\",\"name\":\"Unic\",\"description\":\"Lavorazioni di precisione\",\"publisher\":{\"@id\":\"https:\/\/unicnet.com\/de\/#organization\"},\"potentialAction\":[{\"@type\":\"SearchAction\",\"target\":{\"@type\":\"EntryPoint\",\"urlTemplate\":\"https:\/\/unicnet.com\/de\/?s={search_term_string}\"},\"query-input\":{\"@type\":\"PropertyValueSpecification\",\"valueRequired\":true,\"valueName\":\"search_term_string\"}}],\"inLanguage\":\"de\"},{\"@type\":\"Organization\",\"@id\":\"https:\/\/unicnet.com\/de\/#organization\",\"name\":\"Unic Srl\",\"url\":\"https:\/\/unicnet.com\/de\/\",\"logo\":{\"@type\":\"ImageObject\",\"inLanguage\":\"de\",\"@id\":\"https:\/\/unicnet.com\/de\/#\/schema\/logo\/image\/\",\"url\":\"https:\/\/unic-torneria.it\/wp-content\/uploads\/2025\/02\/logo.png\",\"contentUrl\":\"https:\/\/unic-torneria.it\/wp-content\/uploads\/2025\/02\/logo.png\",\"width\":152,\"height\":54,\"caption\":\"Unic Srl\"},\"image\":{\"@id\":\"https:\/\/unicnet.com\/de\/#\/schema\/logo\/image\/\"}}]}<\/script>\n<!-- \/ Yoast SEO plugin. -->","yoast_head_json":{"title":"Spezialfittings nach Zeichnung | UNIC","description":"Spezialfittings f\u00fcr Luft, Wasser, \u00d6l: Messing, Stahl, Edelstahl. Perfekte Gewinde, dichte Verbindungen, saubere Oberfl\u00e4chen.","robots":{"index":"index","follow":"follow","max-snippet":"max-snippet:-1","max-image-preview":"max-image-preview:large","max-video-preview":"max-video-preview:-1"},"canonical":"https:\/\/unicnet.com\/de\/spezialfittings\/","og_locale":"de_DE","og_type":"article","og_title":"Spezialfittings nach Zeichnung | UNIC","og_description":"Spezialfittings f\u00fcr Luft, Wasser, \u00d6l: Messing, Stahl, Edelstahl. Perfekte Gewinde, dichte Verbindungen, saubere Oberfl\u00e4chen.","og_url":"https:\/\/unicnet.com\/de\/spezialfittings\/","og_site_name":"Unic","article_modified_time":"2026-02-03T13:49:36+00:00","twitter_card":"summary_large_image","twitter_misc":{"Gesch\u00e4tzte Lesezeit":"4\u00a0Minuten"},"schema":{"@context":"https:\/\/schema.org","@graph":[{"@type":"WebPage","@id":"https:\/\/unicnet.com\/de\/spezialfittings\/","url":"https:\/\/unicnet.com\/de\/spezialfittings\/","name":"Spezialfittings nach Zeichnung | UNIC","isPartOf":{"@id":"https:\/\/unicnet.com\/de\/#website"},"datePublished":"2025-03-11T13:33:10+00:00","dateModified":"2026-02-03T13:49:36+00:00","description":"Spezialfittings f\u00fcr Luft, Wasser, \u00d6l: Messing, Stahl, Edelstahl. Perfekte Gewinde, dichte Verbindungen, saubere Oberfl\u00e4chen.","breadcrumb":{"@id":"https:\/\/unicnet.com\/de\/spezialfittings\/#breadcrumb"},"inLanguage":"de","potentialAction":[{"@type":"ReadAction","target":["https:\/\/unicnet.com\/de\/spezialfittings\/"]}]},{"@type":"BreadcrumbList","@id":"https:\/\/unicnet.com\/de\/spezialfittings\/#breadcrumb","itemListElement":[{"@type":"ListItem","position":1,"name":"Home","item":"https:\/\/unic-dreherei.de\/"},{"@type":"ListItem","position":2,"name":"Spezialfittings"}]},{"@type":"WebSite","@id":"https:\/\/unicnet.com\/de\/#website","url":"https:\/\/unicnet.com\/de\/","name":"Unic","description":"Lavorazioni di precisione","publisher":{"@id":"https:\/\/unicnet.com\/de\/#organization"},"potentialAction":[{"@type":"SearchAction","target":{"@type":"EntryPoint","urlTemplate":"https:\/\/unicnet.com\/de\/?s={search_term_string}"},"query-input":{"@type":"PropertyValueSpecification","valueRequired":true,"valueName":"search_term_string"}}],"inLanguage":"de"},{"@type":"Organization","@id":"https:\/\/unicnet.com\/de\/#organization","name":"Unic Srl","url":"https:\/\/unicnet.com\/de\/","logo":{"@type":"ImageObject","inLanguage":"de","@id":"https:\/\/unicnet.com\/de\/#\/schema\/logo\/image\/","url":"https:\/\/unic-torneria.it\/wp-content\/uploads\/2025\/02\/logo.png","contentUrl":"https:\/\/unic-torneria.it\/wp-content\/uploads\/2025\/02\/logo.png","width":152,"height":54,"caption":"Unic Srl"},"image":{"@id":"https:\/\/unicnet.com\/de\/#\/schema\/logo\/image\/"}}]}},"_links":{"self":[{"href":"https:\/\/unicnet.com\/de\/wp-json\/wp\/v2\/pages\/1118","targetHints":{"allow":["GET"]}}],"collection":[{"href":"https:\/\/unicnet.com\/de\/wp-json\/wp\/v2\/pages"}],"about":[{"href":"https:\/\/unicnet.com\/de\/wp-json\/wp\/v2\/types\/page"}],"author":[{"embeddable":true,"href":"https:\/\/unicnet.com\/de\/wp-json\/wp\/v2\/users\/1"}],"replies":[{"embeddable":true,"href":"https:\/\/unicnet.com\/de\/wp-json\/wp\/v2\/comments?post=1118"}],"version-history":[{"count":9,"href":"https:\/\/unicnet.com\/de\/wp-json\/wp\/v2\/pages\/1118\/revisions"}],"predecessor-version":[{"id":2019,"href":"https:\/\/unicnet.com\/de\/wp-json\/wp\/v2\/pages\/1118\/revisions\/2019"}],"wp:attachment":[{"href":"https:\/\/unicnet.com\/de\/wp-json\/wp\/v2\/media?parent=1118"}],"curies":[{"name":"wp","href":"https:\/\/api.w.org\/{rel}","templated":true}]}}